{"id":15009,"date":"2021-11-29T02:33:45","date_gmt":"2021-11-29T01:33:45","guid":{"rendered":"https:\/\/dam.org\/museum\/?page_id=15009"},"modified":"2021-12-10T17:37:35","modified_gmt":"2021-12-10T16:37:35","slug":"discoveries-manfred-mohr-p238","status":"publish","type":"page","link":"https:\/\/dam.org\/museum\/discoveries-manfred-mohr-p238\/","title":{"rendered":"DISCOVERIES with undiscovered works by Manfred Mohr and Vera Molnar"},"content":{"rendered":"<figure id=\"attachment_15028\" aria-describedby=\"caption-attachment-15028\" style=\"width: 300px\" class=\"wp-caption aligncenter\"><a href=\"https:\/\/dam.org\/museum\/wp-content\/uploads\/2021\/12\/Mohr1979P-238-IH56_Ausstellung.jpg\"><img decoding=\"async\" class=\"wp-image-15028 size-medium\" src=\"https:\/\/dam.org\/museum\/wp-content\/uploads\/2021\/12\/Mohr1979P-238-IH56_Ausstellung-300x200.jpg\" alt=\"Manfred Mohr, P-238-IH56, plotter drawing, 50 x 50 cm, 1979\" width=\"300\" height=\"200\" srcset=\"https:\/\/dam.org\/museum\/wp-content\/uploads\/2021\/12\/Mohr1979P-238-IH56_Ausstellung-300x200.jpg 300w, https:\/\/dam.org\/museum\/wp-content\/uploads\/2021\/12\/Mohr1979P-238-IH56_Ausstellung-1024x683.jpg 1024w, https:\/\/dam.org\/museum\/wp-content\/uploads\/2021\/12\/Mohr1979P-238-IH56_Ausstellung-768x512.jpg 768w, https:\/\/dam.org\/museum\/wp-content\/uploads\/2021\/12\/Mohr1979P-238-IH56_Ausstellung-1536x1024.jpg 1536w, https:\/\/dam.org\/museum\/wp-content\/uploads\/2021\/12\/Mohr1979P-238-IH56_Ausstellung-855x570.jpg 855w, https:\/\/dam.org\/museum\/wp-content\/uploads\/2021\/12\/Mohr1979P-238-IH56_Ausstellung-500x333.jpg 500w, https:\/\/dam.org\/museum\/wp-content\/uploads\/2021\/12\/Mohr1979P-238-IH56_Ausstellung-550x367.jpg 550w, https:\/\/dam.org\/museum\/wp-content\/uploads\/2021\/12\/Mohr1979P-238-IH56_Ausstellung-400x267.jpg 400w, https:\/\/dam.org\/museum\/wp-content\/uploads\/2021\/12\/Mohr1979P-238-IH56_Ausstellung.jpg 1701w\" sizes=\"(max-width: 300px) 100vw, 300px\" \/><\/a><figcaption id=\"caption-attachment-15028\" class=\"wp-caption-text\"><span style=\"font-size: 8pt; font-family: arial, helvetica, sans-serif;\">Manfred Mohr, P-238-IH56, plotter drawing, 50&#215;50 cm, 1979<\/span><\/figcaption><\/figure>\n<!--[if lt IE 9]><script>document.createElement('audio');<\/script><![endif]-->\n\t<div class=\"wp-playlist wp-audio-playlist wp-playlist-light\">\n\t\t\t<div class=\"wp-playlist-current-item\"><\/div>\n\t\t<audio controls=\"controls\" preload=\"none\" width=\"1118\"\n\t\t\t><\/audio>\n\t<div class=\"wp-playlist-next\"><\/div>\n\t<div class=\"wp-playlist-prev\"><\/div>\n\t<noscript>\n\t<ol>\n\t\t<li><a href='https:\/\/dam.org\/museum\/wp-content\/uploads\/2021\/11\/Mohr_P238_forDAM_2021.m4a'>Manfred Mohr: P-238<\/a><\/li>\t<\/ol>\n\t<\/noscript>\n\t<script type=\"application\/json\" class=\"wp-playlist-script\">{\"type\":\"audio\",\"tracklist\":false,\"tracknumbers\":true,\"images\":false,\"artists\":false,\"tracks\":[{\"src\":\"https:\\\/\\\/dam.org\\\/museum\\\/wp-content\\\/uploads\\\/2021\\\/11\\\/Mohr_P238_forDAM_2021.m4a\",\"type\":\"audio\\\/mpeg\",\"title\":\"Manfred Mohr: P-238\",\"caption\":\"\",\"description\":\"Manfred Mohr: P238\",\"meta\":{\"length_formatted\":\"0:48\"},\"image\":{\"src\":\"https:\\\/\\\/dam.org\\\/museum\\\/wp-includes\\\/images\\\/media\\\/audio.svg\",\"width\":48,\"height\":64},\"thumb\":{\"src\":\"https:\\\/\\\/dam.org\\\/museum\\\/wp-includes\\\/images\\\/media\\\/audio.svg\",\"width\":48,\"height\":64}}]}<\/script>\n<\/div>\n\t\n<p><span style=\"font-family: helvetica, arial, sans-serif; font-size: 10pt;\"><span style=\"color: #000000;\"><strong>Manfred Mohr, P-238, 1979<br \/>\n<\/strong><\/span><\/span><span style=\"font-family: helvetica, arial, sans-serif; font-size: 10pt;\"><span style=\"color: #000000;\"><span style=\"color: #000000; font-family: helvetica, arial, sans-serif; font-size: 10pt;\">EN: \u201eA four-dimensional hypercube is shown in the form of a graph in two dimensions. The drawing shows all non-intersecting diagonal paths along the edges that are possible between two diagonally opposite points in the hypercube. Such a drawing is also called a &#8220;maximal planar graph&#8221;. The line stroke thickness indicates how many times a diagonal path has passed through the line.&#8221;<\/span><\/span><\/span><\/p>\n<p><span style=\"font-family: helvetica, arial, sans-serif; font-size: 10pt;\"><span style=\"color: #000000;\">DE: \u201eEin vierdimensionaler Hyperw\u00fcrfel ist in der Form eines Graphen zweidimensional dargestellt. Die Zeichnung zeigt alle sich nicht \u00fcberschneidenden Diagonalwege entlang der Kanten, die m\u00f6glich sind zwischen zwei sich diagonal gegen\u00fcberliegenden Punkten im Hyperw\u00fcrfel. Eine solche Zeichnung nennt man auch einen \u201emaximal planar graph\u201c. Die Linienstrich-St\u00e4rke zeigt an, wie oft ein Diagonalweg durch diese Linie gegangen ist.\u201c<\/span><\/span><\/p>\n<p><span style=\"font-family: helvetica, arial, sans-serif; font-size: 8pt;\">Mehr Informationen zur aktuellen Ausstellung DISCOVERIES auf der <a href=\"https:\/\/damprojects.org\/neue-raeumlichkeiten-ab-dezember-2021\/\">DAM Projects Webseite.<\/a><br \/>\nFor more info on the current exhibition DISCOVERIES see the <a href=\"https:\/\/damprojects.org\/new-locations-opening-december-2021\/?lang=en\">DAM Projects\u00a0<\/a>website.<\/span><\/p>\n<p><a name=\"decorator-corrected-entity-id-12\"><\/a><a name=\"decorator-corrected-entity-id-16\"><\/a><a name=\"decorator-corrected-entity-id-19\"><\/a><\/p>\n","protected":false},"excerpt":{"rendered":"<p>Manfred Mohr, P-238, 1979 EN: \u201eA four-dimensional hypercube is shown in the form of a graph in two dimensions. The drawing shows all non-intersecting diagonal paths along the edges that are possible between two diagonally opposite points in the hypercube. Such a drawing is also called a &#8220;maximal planar graph&#8221;. The line stroke thickness indicates&#8230;<\/p>\n<p><a rel=\"bookmark\" class=\"kayo-button-simple wvc-button wvc-button-size-xs\" href=\"https:\/\/dam.org\/museum\/discoveries-manfred-mohr-p238\/\"><span>Continue reading<\/span><\/a><\/p>\n","protected":false},"author":2,"featured_media":14996,"parent":0,"menu_order":0,"comment_status":"closed","ping_status":"closed","template":"","meta":{"footnotes":""},"class_list":{"0":"post-15009","1":"page","2":"type-page","3":"status-publish","4":"has-post-thumbnail","5":"hentry","6":"entry","7":"clearfix","8":"entry-grid","9":"entry-columns-default","10":"entry-page-module-layout-standard","11":"thumbnail-color-tone-light","12":"is-wp-playlist","13":"has-audio-player","14":"entry-page","16":"entry-page-grid"},"_links":{"self":[{"href":"https:\/\/dam.org\/museum\/wp-json\/wp\/v2\/pages\/15009"}],"collection":[{"href":"https:\/\/dam.org\/museum\/wp-json\/wp\/v2\/pages"}],"about":[{"href":"https:\/\/dam.org\/museum\/wp-json\/wp\/v2\/types\/page"}],"author":[{"embeddable":true,"href":"https:\/\/dam.org\/museum\/wp-json\/wp\/v2\/users\/2"}],"replies":[{"embeddable":true,"href":"https:\/\/dam.org\/museum\/wp-json\/wp\/v2\/comments?post=15009"}],"version-history":[{"count":10,"href":"https:\/\/dam.org\/museum\/wp-json\/wp\/v2\/pages\/15009\/revisions"}],"predecessor-version":[{"id":15078,"href":"https:\/\/dam.org\/museum\/wp-json\/wp\/v2\/pages\/15009\/revisions\/15078"}],"wp:featuredmedia":[{"embeddable":true,"href":"https:\/\/dam.org\/museum\/wp-json\/wp\/v2\/media\/14996"}],"wp:attachment":[{"href":"https:\/\/dam.org\/museum\/wp-json\/wp\/v2\/media?parent=15009"}],"curies":[{"name":"wp","href":"https:\/\/api.w.org\/{rel}","templated":true}]}}